{"id":590,"date":"2022-06-29T13:30:34","date_gmt":"2022-06-29T13:30:34","guid":{"rendered":"https:\/\/nissantravelguide.com\/hotel-hobo-ristorante\/"},"modified":"2022-12-13T10:59:08","modified_gmt":"2022-12-13T10:59:08","slug":"hotel-hobo-ristorante","status":"publish","type":"page","link":"https:\/\/nissantravelguide.com\/it\/stoccolma\/hotel-hobo-ristorante\/","title":{"rendered":"HOBO Ristorante"},"content":{"rendered":"<p>Cerchi un\u2019esperienza metropolitana unica nel suo genere? Allora l&#8217;hotel boutique HOBO \u00e8 ci\u00f2 che fa per te. Questa location, situata al centro della citt\u00e0, \u00e8 tranquilla e tipicamente scandinava! Posizionato in un punto strategico per scoprire la citt\u00e0, l\u2019hotel ospita regolarmente artisti e start-up locali.<\/p>\n<p>HOBO ha tutte le credenziali per essere tra le mete di un viaggio sostenibile. I servizi di pulizia della struttura, grazie a tecniche eco sostenibili, fanno risparmiare oltre 100.000 litri di acqua ogni anno. Il servizio di noleggio biciclette offre un modo ecologico per muoversi nel quartiere. Le cucine, inoltre, utilizzano solo i migliori prodotti locali stagionali. Probabilmente \u00e8 l\u2019unico posto in cui troverai gli ingredienti tipici della colazione reinventati in un cocktail speciale. In che modo? Prova a chiedere un \u201cCereal Killer\u201d al bar!<\/p>\n","protected":false},"excerpt":{"rendered":"<p>Cerchi un\u2019esperienza metropolitana unica nel suo genere? Allora l&#8217;hotel boutique HOBO \u00e8 ci\u00f2 che fa per te. Questa location, situata al centro della citt\u00e0, \u00e8 tranquilla e tipicamente scandinava! Posizionato in un punto strategico per scoprire la citt\u00e0, l\u2019hotel ospita regolarmente artisti e start-up locali. HOBO ha tutte le credenziali per essere tra le mete [&hellip;]<\/p>\n","protected":false},"author":1,"featured_media":1096,"parent":459,"menu_order":0,"comment_status":"closed","ping_status":"closed","template":"tpl-location.php","meta":{"_acf_changed":false,"footnotes":""},"acf":{"address":"S\u00f6dra Blasieholmshamnen 8, Norrmalm, Stockholm","location_type":"restaurant","map_link":"https:\/\/goo.gl\/maps\/8icteL7gAz2Wzr1e8","trip_advisor":"https:\/\/www.tripadvisor.co.uk\/Hotel_Review-g189852-d10847243-Reviews-Hobo-Stockholm.html","coordinates":{"latitude":"59.3279317","longitude":"18.038513"},"charging_stations":[{"charging_station":"3.7 kW Type 2: Hamngatan 37, 111 53 Stockholm, Sweden"}]},"aioseo_notices":[],"_links":{"self":[{"href":"https:\/\/nissantravelguide.com\/it\/wp-json\/wp\/v2\/pages\/590"}],"collection":[{"href":"https:\/\/nissantravelguide.com\/it\/wp-json\/wp\/v2\/pages"}],"about":[{"href":"https:\/\/nissantravelguide.com\/it\/wp-json\/wp\/v2\/types\/page"}],"author":[{"embeddable":true,"href":"https:\/\/nissantravelguide.com\/it\/wp-json\/wp\/v2\/users\/1"}],"replies":[{"embeddable":true,"href":"https:\/\/nissantravelguide.com\/it\/wp-json\/wp\/v2\/comments?post=590"}],"version-history":[{"count":2,"href":"https:\/\/nissantravelguide.com\/it\/wp-json\/wp\/v2\/pages\/590\/revisions"}],"predecessor-version":[{"id":1271,"href":"https:\/\/nissantravelguide.com\/it\/wp-json\/wp\/v2\/pages\/590\/revisions\/1271"}],"up":[{"embeddable":true,"href":"https:\/\/nissantravelguide.com\/it\/wp-json\/wp\/v2\/pages\/459"}],"wp:featuredmedia":[{"embeddable":true,"href":"https:\/\/nissantravelguide.com\/it\/wp-json\/wp\/v2\/media\/1096"}],"wp:attachment":[{"href":"https:\/\/nissantravelguide.com\/it\/wp-json\/wp\/v2\/media?parent=590"}],"curies":[{"name":"wp","href":"https:\/\/api.w.org\/{rel}","templated":true}]}}