{"id":6025,"date":"2023-07-28T08:05:02","date_gmt":"2023-07-28T08:05:02","guid":{"rendered":"https:\/\/nissantravelguide.com\/sardegna\/arzachena\/"},"modified":"2023-07-28T08:05:02","modified_gmt":"2023-07-28T08:05:02","slug":"arzachena","status":"publish","type":"page","link":"https:\/\/nissantravelguide.com\/it\/sardegna\/arzachena\/","title":{"rendered":"Arzachena"},"content":{"rendered":"<p>Base ideale per esplorare la splendida Costa Smeralda, Arzachena vanta un affascinante centro storico con strade strette, edifici caratteristici e un\u2019atmosfera piacevole e accogliente per gli ospiti. I suoi negozi, caff\u00e8 e ristoranti consentono ai visitatori di immergersi nella cultura di questa splendida citt\u00e0. Tuttavia, ci\u00f2 che davvero cattura i turisti, anche quelli che passano di qui per caso, \u00e8 la storia della citt\u00e0. Arzachena ospita antichi siti archeologici come il Nuraghe Albucciu, il Nuraghe La Prisgiona e la Tomba dei Giganti Coddu Vecchiu, che offrono affascinanti informazioni sul multiforme passato dell\u2019isola. Inoltre, non dimenticare di visitare \u201cLe scale di Santa Lucia\u201d che portano alla storica Chiesa di Santa Lucia. Queste scale dai colori vivaci rappresentano una notevole deviazione da gran parte dell\u2019architettura della citt\u00e0 circostante e dall\u2019isola nel suo complesso. Anche in caso di soggiorni brevi, sono un\u2019ottima opportunit\u00e0 per fare splendide foto!<\/p>\n","protected":false},"excerpt":{"rendered":"<p>Base ideale per esplorare la splendida Costa Smeralda, Arzachena vanta un affascinante centro storico con strade strette, edifici caratteristici e un\u2019atmosfera piacevole e accogliente per gli ospiti. I suoi negozi, caff\u00e8 e ristoranti consentono ai visitatori di immergersi nella cultura di questa splendida citt\u00e0. Tuttavia, ci\u00f2 che davvero cattura i turisti, anche quelli che passano [&hellip;]<\/p>\n","protected":false},"author":1,"featured_media":5517,"parent":6019,"menu_order":0,"comment_status":"closed","ping_status":"closed","template":"tpl-location.php","meta":{"_acf_changed":false,"footnotes":""},"acf":{"address":"07021 Province of Sassari","location_type":"interest","map_link":"https:\/\/www.google.com\/maps\/place\/07021+Arzachena,+Province+of+Sassari,+Italy\/@41.0694761,9.3440858,13z\/data=!4m6!3m5!1s0x12d9456aeb57e76d:0x9b5e1d686798fcc9!8m2!3d41.0780118!4d9.3901541!16zL20vMGN4bGhm?entry=ttu","trip_advisor":"https:\/\/www.tripadvisor.co.uk\/Tourism-g194675-Arzachena_Province_of_Olbia_Tempio_Sardinia-Vacations.html","coordinates":{"latitude":"41.0694761","longitude":"9.3440858"},"charging_stations":[{"charging_station":"Type 2 20.4kW: Via Lu Saraghinu, 3, 07026 San Pantaleo SS, Italy (10.3kms \/ 13-min)"}]},"aioseo_notices":[],"_links":{"self":[{"href":"https:\/\/nissantravelguide.com\/it\/wp-json\/wp\/v2\/pages\/6025"}],"collection":[{"href":"https:\/\/nissantravelguide.com\/it\/wp-json\/wp\/v2\/pages"}],"about":[{"href":"https:\/\/nissantravelguide.com\/it\/wp-json\/wp\/v2\/types\/page"}],"author":[{"embeddable":true,"href":"https:\/\/nissantravelguide.com\/it\/wp-json\/wp\/v2\/users\/1"}],"replies":[{"embeddable":true,"href":"https:\/\/nissantravelguide.com\/it\/wp-json\/wp\/v2\/comments?post=6025"}],"version-history":[{"count":0,"href":"https:\/\/nissantravelguide.com\/it\/wp-json\/wp\/v2\/pages\/6025\/revisions"}],"up":[{"embeddable":true,"href":"https:\/\/nissantravelguide.com\/it\/wp-json\/wp\/v2\/pages\/6019"}],"wp:featuredmedia":[{"embeddable":true,"href":"https:\/\/nissantravelguide.com\/it\/wp-json\/wp\/v2\/media\/5517"}],"wp:attachment":[{"href":"https:\/\/nissantravelguide.com\/it\/wp-json\/wp\/v2\/media?parent=6025"}],"curies":[{"name":"wp","href":"https:\/\/api.w.org\/{rel}","templated":true}]}}