{"id":6031,"date":"2023-07-28T08:07:19","date_gmt":"2023-07-28T08:07:19","guid":{"rendered":"https:\/\/nissantravelguide.com\/sardegna\/cagliari-town-centre\/"},"modified":"2023-07-28T08:07:19","modified_gmt":"2023-07-28T08:07:19","slug":"cagliari-town-centre","status":"publish","type":"page","link":"https:\/\/nissantravelguide.com\/it\/sardegna\/cagliari-town-centre\/","title":{"rendered":"Cagliari Town Centre"},"content":{"rendered":"<p>Il centro di Cagliari \u00e8 il cuore storico e culturale della Sardegna. Situata sulla costa meridionale, questa animata citt\u00e0 offre un mix di strade vivaci, fascino del vecchio mondo ed edifici moderni. Dalle mura della citt\u00e0 vecchia del quartiere del castello all\u2019elegante e alberata piazza Yenne, le attrazioni del centro di Cagliari cattureranno qualsiasi visitatore. La citt\u00e0 vecchia offre le sue tortuose strade acciottolate e gli edifici conservati, mentre il moderno business center dona un\u2019atmosfera contemporanea alla zona. Shopping e ristorazione sono ovunque, con boutique e terrazze all\u2019aperto, oltre ai bar alla moda vicino al lungomare. Cagliari non offre solamente una vista straordinaria sul Mar Mediterraneo, ma anche una vasta gamma di siti storici, musei, gallerie e parchi, il tutto a pochi passi dal centro della citt\u00e0.<\/p>\n","protected":false},"excerpt":{"rendered":"<p>Il centro di Cagliari \u00e8 il cuore storico e culturale della Sardegna. Situata sulla costa meridionale, questa animata citt\u00e0 offre un mix di strade vivaci, fascino del vecchio mondo ed edifici moderni. Dalle mura della citt\u00e0 vecchia del quartiere del castello all\u2019elegante e alberata piazza Yenne, le attrazioni del centro di Cagliari cattureranno qualsiasi visitatore. [&hellip;]<\/p>\n","protected":false},"author":1,"featured_media":5555,"parent":6019,"menu_order":0,"comment_status":"closed","ping_status":"closed","template":"tpl-location.php","meta":{"_acf_changed":false,"footnotes":""},"acf":{"address":"Metropolitan City of Cagliari","location_type":"interest","map_link":"https:\/\/www.google.com\/maps\/place\/Cagliari,+Metropolitan+City+of+Cagliari,+Italy\/@39.2254044,9.128378,13z\/data=!3m1!4b1!4m6!3m5!1s0x12e73415b68e1ca3:0x201e1506cf816eb1!8m2!3d39.2238411!4d9.1216613!16zL20vMGM3bF8?entry=ttu","trip_advisor":"https:\/\/www.tripadvisor.it\/Tourism-g187881-Cagliari_Province_of_Cagliari_Sardinia-Vacations.html","coordinates":{"latitude":"39.2254044","longitude":"9.128378"},"charging_stations":[{"charging_station":"Type 2 22kW: Via Sant'Alenixedda, 117, 09128 Cagliari CA, Italy (350 mtrs \/ 1-min)"}]},"aioseo_notices":[],"_links":{"self":[{"href":"https:\/\/nissantravelguide.com\/it\/wp-json\/wp\/v2\/pages\/6031"}],"collection":[{"href":"https:\/\/nissantravelguide.com\/it\/wp-json\/wp\/v2\/pages"}],"about":[{"href":"https:\/\/nissantravelguide.com\/it\/wp-json\/wp\/v2\/types\/page"}],"author":[{"embeddable":true,"href":"https:\/\/nissantravelguide.com\/it\/wp-json\/wp\/v2\/users\/1"}],"replies":[{"embeddable":true,"href":"https:\/\/nissantravelguide.com\/it\/wp-json\/wp\/v2\/comments?post=6031"}],"version-history":[{"count":0,"href":"https:\/\/nissantravelguide.com\/it\/wp-json\/wp\/v2\/pages\/6031\/revisions"}],"up":[{"embeddable":true,"href":"https:\/\/nissantravelguide.com\/it\/wp-json\/wp\/v2\/pages\/6019"}],"wp:featuredmedia":[{"embeddable":true,"href":"https:\/\/nissantravelguide.com\/it\/wp-json\/wp\/v2\/media\/5555"}],"wp:attachment":[{"href":"https:\/\/nissantravelguide.com\/it\/wp-json\/wp\/v2\/media?parent=6031"}],"curies":[{"name":"wp","href":"https:\/\/api.w.org\/{rel}","templated":true}]}}