{"id":6033,"date":"2023-07-28T08:08:02","date_gmt":"2023-07-28T08:08:02","guid":{"rendered":"https:\/\/nissantravelguide.com\/sardegna\/cala-biriala\/"},"modified":"2023-07-28T08:08:02","modified_gmt":"2023-07-28T08:08:02","slug":"cala-biriala","status":"publish","type":"page","link":"https:\/\/nissantravelguide.com\/it\/sardegna\/cala-biriala\/","title":{"rendered":"Cala Biriala"},"content":{"rendered":"<p>Nascosta nel Golfo di Orosei sulla costa orientale dell\u2019isola, la spiaggia di Cala Bir\u00ecala offre ai viaggiatori desiderosi di riposo grandi opportunit\u00e0 di relax e avventura. Le sue acque cristalline rappresentano la cornice ideale per le immersioni subacquee e lo snorkeling, consentendoti di esplorare il vivace mondo sottomarino. L\u2019esclusiva posizione della spiaggia, immersa tra le incantevoli foreste di Bir\u00ecala e Bilariccoro, offre agli esploratori in cerca di avventura l\u2019opportunit\u00e0 di percorrere il sentiero che conduce alla spiaggia. Se cerchi tranquillit\u00e0 o al contrario esperienze emozionanti, la spiaggia di Cala Bir\u00ecala pu\u00f2 offrire entrambi.<\/p>\n","protected":false},"excerpt":{"rendered":"<p>Nascosta nel Golfo di Orosei sulla costa orientale dell\u2019isola, la spiaggia di Cala Bir\u00ecala offre ai viaggiatori desiderosi di riposo grandi opportunit\u00e0 di relax e avventura. Le sue acque cristalline rappresentano la cornice ideale per le immersioni subacquee e lo snorkeling, consentendoti di esplorare il vivace mondo sottomarino. L\u2019esclusiva posizione della spiaggia, immersa tra le [&hellip;]<\/p>\n","protected":false},"author":1,"featured_media":5316,"parent":6019,"menu_order":0,"comment_status":"closed","ping_status":"closed","template":"tpl-location.php","meta":{"_acf_changed":false,"footnotes":""},"acf":{"address":"08040 Baunei, Province of Nuoro, Italy","location_type":"beauty","map_link":"https:\/\/www.google.com\/maps\/place\/Cala+Bir%C3%ACala\/@40.147947,9.6500255,17z\/data=!3m1!4b1!4m9!3m8!1s0x12de5944e288fd5b:0xd038484e0ba22c90!5m2!4m1!1i2!8m2!3d40.1479429!4d9.6526004!16s%2Fg%2F12q4qyl30?entry=tts&shorturl=1","trip_advisor":"https:\/\/www.tripadvisor.it\/Attraction_Review-g644260-d6867241-Reviews-Cala_Biriala-Baunei_Province_of_Ogliastra_Sardinia.html","coordinates":{"latitude":"40.147947","longitude":"9.6500255"},"charging_stations":[{"charging_station":"Type 2 22kW: Viale Colombo, 08022 Cala Gonone NU, Italy (70.4km \/ 1 hour 49-min)"}]},"aioseo_notices":[],"_links":{"self":[{"href":"https:\/\/nissantravelguide.com\/it\/wp-json\/wp\/v2\/pages\/6033"}],"collection":[{"href":"https:\/\/nissantravelguide.com\/it\/wp-json\/wp\/v2\/pages"}],"about":[{"href":"https:\/\/nissantravelguide.com\/it\/wp-json\/wp\/v2\/types\/page"}],"author":[{"embeddable":true,"href":"https:\/\/nissantravelguide.com\/it\/wp-json\/wp\/v2\/users\/1"}],"replies":[{"embeddable":true,"href":"https:\/\/nissantravelguide.com\/it\/wp-json\/wp\/v2\/comments?post=6033"}],"version-history":[{"count":0,"href":"https:\/\/nissantravelguide.com\/it\/wp-json\/wp\/v2\/pages\/6033\/revisions"}],"up":[{"embeddable":true,"href":"https:\/\/nissantravelguide.com\/it\/wp-json\/wp\/v2\/pages\/6019"}],"wp:featuredmedia":[{"embeddable":true,"href":"https:\/\/nissantravelguide.com\/it\/wp-json\/wp\/v2\/media\/5316"}],"wp:attachment":[{"href":"https:\/\/nissantravelguide.com\/it\/wp-json\/wp\/v2\/media?parent=6033"}],"curies":[{"name":"wp","href":"https:\/\/api.w.org\/{rel}","templated":true}]}}