{"id":6048,"date":"2023-07-28T08:12:55","date_gmt":"2023-07-28T08:12:55","guid":{"rendered":"https:\/\/nissantravelguide.com\/sardegna\/nora\/"},"modified":"2023-07-28T08:12:55","modified_gmt":"2023-07-28T08:12:55","slug":"nora","status":"publish","type":"page","link":"https:\/\/nissantravelguide.com\/it\/sardegna\/nora\/","title":{"rendered":"Nora"},"content":{"rendered":"<p class=\"p1\">All\u2019estremit\u00e0 meridionale dell\u2019isola si trova la storica citt\u00e0 di Nora. Abitata fin dall\u2019antichit\u00e0, oggi fa parte del Parco archeologico di Pula. I resti della citt\u00e0 raccontano storie di varie civilt\u00e0, da quella punica a quella romana e bizantina. I visitatori possono esplorare le rovine del tempio di Tanit, la necropoli, le mura difensive e l\u2019anfiteatro. Situata vicino alla spiaggia e a Cagliari, Nora emana un\u2019essenza potente e spirituale che permette agli ospiti di apprezzare realmente l\u2019antico passato della Sardegna.<\/p>\n","protected":false},"excerpt":{"rendered":"<p>All\u2019estremit\u00e0 meridionale dell\u2019isola si trova la storica citt\u00e0 di Nora. Abitata fin dall\u2019antichit\u00e0, oggi fa parte del Parco archeologico di Pula. I resti della citt\u00e0 raccontano storie di varie civilt\u00e0, da quella punica a quella romana e bizantina. I visitatori possono esplorare le rovine del tempio di Tanit, la necropoli, le mura difensive e l\u2019anfiteatro. [&hellip;]<\/p>\n","protected":false},"author":1,"featured_media":5469,"parent":6019,"menu_order":0,"comment_status":"closed","ping_status":"closed","template":"tpl-location.php","meta":{"_acf_changed":false,"footnotes":""},"acf":{"address":"09010 Metropolitan City of Cagliari","location_type":"interest","map_link":"https:\/\/www.google.com\/maps\/place\/09010+Nora+Metropolitan+City+of+Cagliari,+Italy\/@38.9945797,9.0151797,16z\/data=!3m1!4b1!4m6!3m5!1s0x12e72875042049b9:0x195b226f7a323c4f!8m2!3d38.9934087!4d9.0135833!16s%2Fg%2F1pxq4kv99?entry=ttu","trip_advisor":"https:\/\/www.tripadvisor.it\/Attraction_Review-g194870-d247460-Reviews-Area_Archeologica_di_Nora-Pula_Province_of_Cagliari_Sardinia.html","coordinates":{"latitude":"38.9945797","longitude":"9.0151797"},"charging_stations":[{"charging_station":"CCS 150kW, CHAdeMO 62kW, Type 2 22kW: Via Tramontana, 09010 Pula CA, Italy (2.2km \/ 5-min)"}]},"aioseo_notices":[],"_links":{"self":[{"href":"https:\/\/nissantravelguide.com\/it\/wp-json\/wp\/v2\/pages\/6048"}],"collection":[{"href":"https:\/\/nissantravelguide.com\/it\/wp-json\/wp\/v2\/pages"}],"about":[{"href":"https:\/\/nissantravelguide.com\/it\/wp-json\/wp\/v2\/types\/page"}],"author":[{"embeddable":true,"href":"https:\/\/nissantravelguide.com\/it\/wp-json\/wp\/v2\/users\/1"}],"replies":[{"embeddable":true,"href":"https:\/\/nissantravelguide.com\/it\/wp-json\/wp\/v2\/comments?post=6048"}],"version-history":[{"count":0,"href":"https:\/\/nissantravelguide.com\/it\/wp-json\/wp\/v2\/pages\/6048\/revisions"}],"up":[{"embeddable":true,"href":"https:\/\/nissantravelguide.com\/it\/wp-json\/wp\/v2\/pages\/6019"}],"wp:featuredmedia":[{"embeddable":true,"href":"https:\/\/nissantravelguide.com\/it\/wp-json\/wp\/v2\/media\/5469"}],"wp:attachment":[{"href":"https:\/\/nissantravelguide.com\/it\/wp-json\/wp\/v2\/media?parent=6048"}],"curies":[{"name":"wp","href":"https:\/\/api.w.org\/{rel}","templated":true}]}}