{"id":6051,"date":"2023-07-28T08:13:45","date_gmt":"2023-07-28T08:13:45","guid":{"rendered":"https:\/\/nissantravelguide.com\/sardegna\/olbia-town-centre\/"},"modified":"2023-07-28T08:13:45","modified_gmt":"2023-07-28T08:13:45","slug":"olbia-town-centre","status":"publish","type":"page","link":"https:\/\/nissantravelguide.com\/it\/sardegna\/olbia-town-centre\/","title":{"rendered":"Olbia Town Centre"},"content":{"rendered":"<p>Il centro di Olbia, una delle citt\u00e0 pi\u00f9 famose della Sardegna, \u00e8 \u00e8 caratterizzato da strade lunghe e strette ricche di negozi e ristoranti caratteristici con molte attivit\u00e0 per la vendita di prodotti realizzati localmente, conferendo alla citt\u00e0 un fascino e un carattere unici. Inoltre, nel centro di Olbia puoi trovare un\u2019ampia scelta di attrazioni storiche e culturali. Siti degni di nota come la Basilica di San Simplicio e il Museo Archeologico della Riviera meritano una visita. Inoltre, il centro di Olbia si trova sul lungomare e vanta una spiaggia lunga 1,6 km fiancheggiata da hotel di lusso. Nel centro di Olbia accade sempre qualcosa che lo rende un ottimo luogo da visitare a ogni ora del giorno e della notte.<\/p>\n","protected":false},"excerpt":{"rendered":"<p>Il centro di Olbia, una delle citt\u00e0 pi\u00f9 famose della Sardegna, \u00e8 \u00e8 caratterizzato da strade lunghe e strette ricche di negozi e ristoranti caratteristici con molte attivit\u00e0 per la vendita di prodotti realizzati localmente, conferendo alla citt\u00e0 un fascino e un carattere unici. Inoltre, nel centro di Olbia puoi trovare un\u2019ampia scelta di attrazioni [&hellip;]<\/p>\n","protected":false},"author":1,"featured_media":5485,"parent":6019,"menu_order":0,"comment_status":"closed","ping_status":"closed","template":"tpl-location.php","meta":{"_acf_changed":false,"footnotes":""},"acf":{"address":"07026 Province of Sassari Italy","location_type":"interest","map_link":"https:\/\/www.google.com\/maps\/place\/07026+Olbia,+Province+of+Sassari,+Italy\/@40.9278139,9.4928718,13z\/data=!3m1!4b1!4m6!3m5!1s0x12d94b04024bea79:0x7bfe3270a490c808!8m2!3d40.9235764!4d9.4964429!16zL20vMGMyZDI?entry=ttu","trip_advisor":"https:\/\/www.tripadvisor.it\/Tourism-g187883-Olbia_Province_of_Olbia_Tempio_Sardinia-Vacations.html","coordinates":{"latitude":"40.9278139","longitude":"9.4928718"},"charging_stations":[{"charging_station":"Type 2 15kW: Via Gabriele d'Annunzio, 3, 07026 Olbia SS, Italy (650mtrs \/ 2-min)"}]},"aioseo_notices":[],"_links":{"self":[{"href":"https:\/\/nissantravelguide.com\/it\/wp-json\/wp\/v2\/pages\/6051"}],"collection":[{"href":"https:\/\/nissantravelguide.com\/it\/wp-json\/wp\/v2\/pages"}],"about":[{"href":"https:\/\/nissantravelguide.com\/it\/wp-json\/wp\/v2\/types\/page"}],"author":[{"embeddable":true,"href":"https:\/\/nissantravelguide.com\/it\/wp-json\/wp\/v2\/users\/1"}],"replies":[{"embeddable":true,"href":"https:\/\/nissantravelguide.com\/it\/wp-json\/wp\/v2\/comments?post=6051"}],"version-history":[{"count":0,"href":"https:\/\/nissantravelguide.com\/it\/wp-json\/wp\/v2\/pages\/6051\/revisions"}],"up":[{"embeddable":true,"href":"https:\/\/nissantravelguide.com\/it\/wp-json\/wp\/v2\/pages\/6019"}],"wp:featuredmedia":[{"embeddable":true,"href":"https:\/\/nissantravelguide.com\/it\/wp-json\/wp\/v2\/media\/5485"}],"wp:attachment":[{"href":"https:\/\/nissantravelguide.com\/it\/wp-json\/wp\/v2\/media?parent=6051"}],"curies":[{"name":"wp","href":"https:\/\/api.w.org\/{rel}","templated":true}]}}