{"id":6063,"date":"2023-07-28T08:17:51","date_gmt":"2023-07-28T08:17:51","guid":{"rendered":"https:\/\/nissantravelguide.com\/sardegna\/spiaggia-del-poetto\/"},"modified":"2023-07-28T08:17:51","modified_gmt":"2023-07-28T08:17:51","slug":"spiaggia-del-poetto","status":"publish","type":"page","link":"https:\/\/nissantravelguide.com\/it\/sardegna\/spiaggia-del-poetto\/","title":{"rendered":"Spiaggia del Poetto"},"content":{"rendered":"<p>Non solo \u00e8 la spiaggia principale del capoluogo sardo, Cagliari, ma \u00e8 anche una delle pi\u00f9 lunghe, con ben 8 chilometri! Preparatevi a vivere un&#8217;avventura balneare senza precedenti quando metterete piede sulle rive della Spiaggia del Poetto. Lasciatevi coinvolgere dalle vibrazioni della citt\u00e0 che si fondono con la bellezza della natura, offrendo un&#8217;esperienza costiera unica. Con una vista mozzafiato sul blu profondo del Golfo di Quartu e le maestose colline di Sella Del Diavolo che incorniciano l&#8217;orizzonte meridionale, vi troverete circondati da uno scenario accattivante. Inoltre, i venti che circondano la spiaggia la rendono un luogo eccellente sia per il windsurf che per il kitesurf, ideale per i pi\u00f9 sportivi! Quindi, preparatevi a tuffarvi nel divertimento, a prendere il sole per creare ricordi indimenticabili!<\/p>\n","protected":false},"excerpt":{"rendered":"<p>Non solo \u00e8 la spiaggia principale del capoluogo sardo, Cagliari, ma \u00e8 anche una delle pi\u00f9 lunghe, con ben 8 chilometri! Preparatevi a vivere un&#8217;avventura balneare senza precedenti quando metterete piede sulle rive della Spiaggia del Poetto. Lasciatevi coinvolgere dalle vibrazioni della citt\u00e0 che si fondono con la bellezza della natura, offrendo un&#8217;esperienza costiera unica. [&hellip;]<\/p>\n","protected":false},"author":1,"featured_media":5377,"parent":6019,"menu_order":0,"comment_status":"closed","ping_status":"closed","template":"tpl-location.php","meta":{"_acf_changed":false,"footnotes":""},"acf":{"address":"Italy","location_type":"beauty","map_link":"https:\/\/www.google.com\/maps\/place\/Poetto\/@39.2188576,9.2172175,13z\/data=!4m6!3m5!1s0x12e0cb51ddbbeddb:0x6faa2e32c94fb2a0!8m2!3d39.2134183!4d9.1757159!16s%2Fm%2F04jhhrx?entry=ttu","trip_advisor":"https:\/\/www.tripadvisor.it\/Attraction_Review-g187881-d247462-Reviews-Poetto-Cagliari_Province_of_Cagliari_Sardinia.html","coordinates":{"latitude":"39.2188576","longitude":"9.2172175"},"charging_stations":[{"charging_station":"CHAdeMO 50kW, CCS 50kW, Type 2 41.5 kW: 8 Viale Lungomare del Golfo Sardegna, Viale Lungomare del Golfo, 09045 Quartu Sant'Elena CA, Italy (2.2Kms \/ 4-min)"}]},"aioseo_notices":[],"_links":{"self":[{"href":"https:\/\/nissantravelguide.com\/it\/wp-json\/wp\/v2\/pages\/6063"}],"collection":[{"href":"https:\/\/nissantravelguide.com\/it\/wp-json\/wp\/v2\/pages"}],"about":[{"href":"https:\/\/nissantravelguide.com\/it\/wp-json\/wp\/v2\/types\/page"}],"author":[{"embeddable":true,"href":"https:\/\/nissantravelguide.com\/it\/wp-json\/wp\/v2\/users\/1"}],"replies":[{"embeddable":true,"href":"https:\/\/nissantravelguide.com\/it\/wp-json\/wp\/v2\/comments?post=6063"}],"version-history":[{"count":0,"href":"https:\/\/nissantravelguide.com\/it\/wp-json\/wp\/v2\/pages\/6063\/revisions"}],"up":[{"embeddable":true,"href":"https:\/\/nissantravelguide.com\/it\/wp-json\/wp\/v2\/pages\/6019"}],"wp:featuredmedia":[{"embeddable":true,"href":"https:\/\/nissantravelguide.com\/it\/wp-json\/wp\/v2\/media\/5377"}],"wp:attachment":[{"href":"https:\/\/nissantravelguide.com\/it\/wp-json\/wp\/v2\/media?parent=6063"}],"curies":[{"name":"wp","href":"https:\/\/api.w.org\/{rel}","templated":true}]}}